{"id":7658,"date":"2016-01-08T15:47:23","date_gmt":"2016-01-08T15:47:23","guid":{"rendered":"http:\/\/breakdengue.wpengine.com\/pt-pt\/?page_id=7658"},"modified":"2017-02-22T16:02:39","modified_gmt":"2017-02-22T15:02:39","slug":"politica-de-privacidade","status":"publish","type":"page","link":"https:\/\/www.breakdengue.org\/pt-pt\/politica-de-privacidade\/","title":{"rendered":"Pol\u00edtica de privacidade"},"content":{"rendered":"<p>Essa Declara\u00e7\u00e3o de Privacidade descreve as maneiras pelas quais a Break Dengue coleta, mant\u00e9m e usa informa\u00e7\u00f5es sobre os indiv\u00edduos que visitam o website.\u00a0AO USAR ESSE WEBSITE, VOC\u00ca CONCORDA COM A COLETA E USO DE INFORMA\u00c7\u00d5ES COMO DEFINIDAS POR ESSA POL\u00cdTICA DE PRIVACIDADE.\u00a0Voc\u00ea tamb\u00e9m concorda que a Break Dengue pode periodicamente alterar, modificar, adicionar, remover ou atualizar essa pol\u00edtica de privacidade como desejar, sem notifica\u00e7\u00e3o pr\u00e9via. Entretanto, n\u00f3s sempre lidaremos com suas informa\u00e7\u00f5es pessoais de acordo com a pol\u00edtica de privacidade em efeito no momento da coleta. \u00c9 nossa inten\u00e7\u00e3o publicar altera\u00e7\u00f5es \u00e0 pol\u00edtica de privacidade nessa p\u00e1gina para que voc\u00ea esteja bem informado em rela\u00e7\u00e3o aos tipos de informa\u00e7\u00f5es que coletamos, como usamos e sob que circunst\u00e2ncias elas s\u00e3o divulgadas. Nossa pol\u00edtica de privacidade est\u00e1 localizada na nossa p\u00e1gina inicial e tamb\u00e9m dispon\u00edvel em qualquer p\u00e1gina onde os dados pessoais sejam pedidos. Maiores explica\u00e7\u00f5es podem ser fornecidas nesses pontos de coleta de dados, onde apropriado, sobre os prop\u00f3sitos para uso desses dados.<\/p>\n<h2>Compromiso de privacidade<\/h2>\n<p>O termo\u00a0&#8220;dados pessoais&#8221;\u00a0nessa pol\u00edtica de privacidade refere-se \u00e0s informa\u00e7\u00f5es como nome, data de nascimento, endere\u00e7o de e-mail, endere\u00e7o postal ou n\u00famero de telefone que podem ser usados para identificar voc\u00ea. Geralmente, s\u00f3 processamos os dados pessoais como descrito na pol\u00edtica de privacidade. Entretanto, n\u00f3s nos reservamos o direito de conduzir processamento adicional conforme permitido ou exigido por lei, ou em apoio a qualquer investiga\u00e7\u00e3o legal ou criminal. A Break Dengue se compromete em agir conforme todas as leis de privacidade aplic\u00e1veis, em particular \u00e0 lei belga de 8 de dezembro de 1992 sobre prote\u00e7\u00e3o de vida privada, coleta e processamento de dados pessoais.<\/p>\n<h2>Uso pretendido dos dados pessoais<\/h2>\n<p>A maioria de nossos servi\u00e7os n\u00e3o requer qualquer forma de registro, permitindo a voc\u00ea visitar nosso site sem se identificar. Por\u00e9m, alguns servi\u00e7os podem exigir que voc\u00ea nos forne\u00e7a seus dados pessoais. Nessas situa\u00e7\u00f5es, se optar omitir qualquer dado pessoal exigido por n\u00f3s, voc\u00ea pode n\u00e3o ter acesso a certas partes do site ou a repostas nossas para suas perguntas.<\/p>\n<h2>N\u00e3o divulga\u00e7\u00e3o de dados pessoais<\/h2>\n<p>A Break Dengue n\u00e3o vender\u00e1, compartilhar\u00e1 ou distribuir\u00e1 seus dados pessoais a terceiros, exceto como provido nessa pol\u00edtica de privacidade.<\/p>\n<h2>Direito ao acesso, corre\u00e7\u00e3o e obje\u00e7\u00e3o<\/h2>\n<p>Sempre que processamos dados pessoais, tomamos medidas razo\u00e1veis para garantir que eles sejam mantidos fieis e atualizados para os prop\u00f3sitos aos quais s\u00e3o coletados. Daremos a voc\u00ea o poder de discordar do processamento de seus dados pessoais, se tal n\u00e3o for razoavelmente exigido para prop\u00f3sito de neg\u00f3cio leg\u00edtimo como descrito nessa pol\u00edtica ou nossa conformidade com a lei. No caso de comunica\u00e7\u00e3o promocional eletr\u00f4nica direta, ofereceremos a voc\u00ea o m\u00e9todo de optar por n\u00e3o receber materiais promocionais ou o m\u00e9todo de optar por eles, se exigido por lei. Se desejar entrar em contato em rela\u00e7\u00e3o ao nosso uso de seus dados pessoais ou discordar do processamento deles, envie-nos um e-mail para\u00a0<a href=\"mailto:info@breakdengue.com\">info@breakdengue.com<\/a>. Se entrar em contato, al\u00e9m de identificar-se corretamente, anote o nome do website onde forneceu as informa\u00e7\u00f5es, al\u00e9m das informa\u00e7\u00f5es espec\u00edficas que voc\u00ea gostaria que n\u00f3s fiz\u00e9ssemos a corre\u00e7\u00e3o, atualiza\u00e7\u00e3o ou exclus\u00e3o. Pedidos de exclus\u00e3o de dados pessoais est\u00e3o sujeitos a qualquer lei aplic\u00e1vel, den\u00fancia \u00e9tica, preenchimento de documento e obriga\u00e7\u00f5es de reten\u00e7\u00e3o que nos s\u00e3o impostas.<\/p>\n<h2>\u201cCookies\u201d e tags da internet<\/h2>\n<p>Podemos coletar e processar informa\u00e7\u00f5es sobre sua visita nesse website usando Google Analytics, tais como as p\u00e1ginas que voc\u00ea visita, o site de onde voc\u00ea veio e algumas das pesquisas que voc\u00ea fez. Tais informa\u00e7\u00f5es s\u00e3o usadas para ajudar a melhorar os conte\u00fados do site e compilar estat\u00edstica agregada sobre os visitantes que usam nosso site para prop\u00f3sitos de pesquisa interna e de mercado. N\u00e3o compartilharemos esses dados com terceiros. Ao fazer isso, podemos instalar &#8220;cookies&#8221; que coletam o nome do dom\u00ednio do usu\u00e1rio, seu provedor de servi\u00e7o de internet, seu sistema operacional e a data e hora de acesso. Um &#8220;cookie&#8221; \u00e9 uma pequena informa\u00e7\u00e3o enviada pelo seu navegador e armazenada no disco r\u00edgido do seu computador. Cookies n\u00e3o danificam seu computador. Voc\u00ea pode definir seu navegador para notificar quando receber um &#8220;cookie&#8221;, e isso permitir\u00e1 a voc\u00ea decidir se quer aceitar ou n\u00e3o. Se n\u00e3o quiser que instalemos cookies, envie-nos um e-mail para\u00a0<a href=\"mailto:info@breakdengue.com\">info@breakdengue.com<\/a>. Por\u00e9m, gostar\u00edamos de informar que se n\u00e3o aceitar, voc\u00ea pode n\u00e3o conseguir usar toda a funcionalidade do nosso software de navegador. Podemos obter servi\u00e7os de terceiros para nos ajudar na coleta e processamento das informa\u00e7\u00f5es descritas nessa se\u00e7\u00e3o.<\/p>\n<h2>Links para outros sites<\/h2>\n<p>Essa pol\u00edtica de privacidade se aplica somente a esse site e n\u00e3o a websites de terceiros. Podemos fornecer links para outros websites que acreditamos ser de interesse de nossos visitantes. Buscamos garantir que tais websites sejam do mais alto n\u00edvel. Entretanto, devido \u00e0 natureza da internet, n\u00e3o podemos garantir os padr\u00f5es de privacidade dos websites dos quais fornecemos um link ou ser respons\u00e1veis pelos conte\u00fados desses sites, e essa pol\u00edtica de privacidade n\u00e3o \u00e9 destinada nem se aplica a qualquer site com link no Break Dengue. Nenhum link ser\u00e1 feito para um site de companhia corporativa ou website de companhia patrocinada.<\/p>\n<h2>Contate-nos<\/h2>\n<p>Se tiver perguntas ou reclama\u00e7\u00f5es sobre nossa conformidade com essa pol\u00edtica de privacidade, ou se desejar fazer recomenda\u00e7\u00f5es ou coment\u00e1rios para melhorar a qualidade da mesma, envie-nos um e-mail para\u00a0<a href=\"mailto:info@breakdengue.com\">info@breakdengue.com<\/a><\/p>\n","protected":false},"excerpt":{"rendered":"<p>Essa Declara\u00e7\u00e3o de Privacidade descreve as maneiras pelas quais a Break Dengue coleta, mant\u00e9m e usa informa\u00e7\u00f5es sobre os indiv\u00edduos que visitam o website.\u00a0AO USAR ESSE WEBSITE, VOC\u00ca CONCORDA COM A COLETA E USO DE INFORMA\u00c7\u00d5ES COMO DEFINIDAS POR ESSA POL\u00cdTICA DE PRIVACIDADE.\u00a0Voc\u00ea tamb\u00e9m concorda\u2026<\/p>\n","protected":false},"author":3,"featured_media":0,"parent":0,"menu_order":0,"comment_status":"closed","ping_status":"closed","template":"","meta":{"footnotes":""},"class_list":["post-7658","page","type-page","status-publish","hentry"],"yoast_head":"<!-- This site is optimized with the Yoast SEO plugin v16.7 - https:\/\/yoast.com\/wordpress\/plugins\/seo\/ -->\n<meta name=\"robots\" content=\"index, follow, max-snippet:-1, max-image-preview:large, max-video-preview:-1\" \/>\n<link rel=\"canonical\" href=\"https:\/\/www.breakdengue.org\/pt-pt\/politica-de-privacidade\/\" \/>\n<meta property=\"og:locale\" content=\"pt_PT\" \/>\n<meta property=\"og:type\" content=\"article\" \/>\n<meta property=\"og:title\" content=\"Pol\u00edtica de privacidade - Break Dengue\" \/>\n<meta property=\"og:description\" content=\"Essa Declara\u00e7\u00e3o de Privacidade descreve as maneiras pelas quais a Break Dengue coleta, mant\u00e9m e usa informa\u00e7\u00f5es sobre os indiv\u00edduos que visitam o website.\u00a0AO USAR ESSE WEBSITE, VOC\u00ca CONCORDA COM A COLETA E USO DE INFORMA\u00c7\u00d5ES COMO DEFINIDAS POR ESSA POL\u00cdTICA DE PRIVACIDADE.\u00a0Voc\u00ea tamb\u00e9m concorda\u2026\" \/>\n<meta property=\"og:url\" content=\"https:\/\/www.breakdengue.org\/pt-pt\/politica-de-privacidade\/\" \/>\n<meta property=\"og:site_name\" content=\"Break Dengue\" \/>\n<meta property=\"article:publisher\" content=\"https:\/\/www.facebook.com\/breakdengue\/\" \/>\n<meta property=\"article:modified_time\" content=\"2017-02-22T15:02:39+00:00\" \/>\n<meta name=\"twitter:card\" content=\"summary\" \/>\n<meta name=\"twitter:site\" content=\"@BreakDengue\" \/>\n<meta name=\"twitter:label1\" content=\"Tempo estimado de leitura\" \/>\n\t<meta name=\"twitter:data1\" content=\"5 minutos\" \/>\n<script type=\"application\/ld+json\" class=\"yoast-schema-graph\">{\"@context\":\"https:\/\/schema.org\",\"@graph\":[{\"@type\":\"Organization\",\"@id\":\"https:\/\/www.breakdengue.org\/#organization\",\"name\":\"Break Dengue\",\"url\":\"https:\/\/www.breakdengue.org\/\",\"sameAs\":[\"https:\/\/www.facebook.com\/breakdengue\/\",\"https:\/\/www.linkedin.com\/company\/break-dengue\/?viewAsMember=true\",\"https:\/\/www.youtube.com\/user\/breakdengue\",\"https:\/\/twitter.com\/BreakDengue\"],\"logo\":{\"@type\":\"ImageObject\",\"@id\":\"https:\/\/www.breakdengue.org\/#logo\",\"inLanguage\":\"pt-PT\",\"url\":\"https:\/\/www.breakdengue.org\/wp-content\/uploads\/2018\/10\/break-dengue-logo.jpg\",\"contentUrl\":\"https:\/\/www.breakdengue.org\/wp-content\/uploads\/2018\/10\/break-dengue-logo.jpg\",\"width\":400,\"height\":400,\"caption\":\"Break Dengue\"},\"image\":{\"@id\":\"https:\/\/www.breakdengue.org\/#logo\"}},{\"@type\":\"WebSite\",\"@id\":\"https:\/\/www.breakdengue.org\/#website\",\"url\":\"https:\/\/www.breakdengue.org\/\",\"name\":\"Break Dengue\",\"description\":\"Break Dengue aims to connect different initiatives around the world that are addressing the issue of dengue, the most rapidly spreading mosquito-borne viral disease.\",\"publisher\":{\"@id\":\"https:\/\/www.breakdengue.org\/#organization\"},\"potentialAction\":[{\"@type\":\"SearchAction\",\"target\":{\"@type\":\"EntryPoint\",\"urlTemplate\":\"https:\/\/www.breakdengue.org\/?s={search_term_string}\"},\"query-input\":\"required name=search_term_string\"}],\"inLanguage\":\"pt-PT\"},{\"@type\":\"WebPage\",\"@id\":\"https:\/\/www.breakdengue.org\/pt-pt\/politica-de-privacidade\/#webpage\",\"url\":\"https:\/\/www.breakdengue.org\/pt-pt\/politica-de-privacidade\/\",\"name\":\"Pol\\u00edtica de privacidade - Break Dengue\",\"isPartOf\":{\"@id\":\"https:\/\/www.breakdengue.org\/#website\"},\"datePublished\":\"2016-01-08T15:47:23+00:00\",\"dateModified\":\"2017-02-22T15:02:39+00:00\",\"breadcrumb\":{\"@id\":\"https:\/\/www.breakdengue.org\/pt-pt\/politica-de-privacidade\/#breadcrumb\"},\"inLanguage\":\"pt-PT\",\"potentialAction\":[{\"@type\":\"ReadAction\",\"target\":[\"https:\/\/www.breakdengue.org\/pt-pt\/politica-de-privacidade\/\"]}]},{\"@type\":\"BreadcrumbList\",\"@id\":\"https:\/\/www.breakdengue.org\/pt-pt\/politica-de-privacidade\/#breadcrumb\",\"itemListElement\":[{\"@type\":\"ListItem\",\"position\":1,\"name\":\"Accueil\",\"item\":\"https:\/\/www.breakdengue.org\/\"},{\"@type\":\"ListItem\",\"position\":2,\"name\":\"Pol\\u00edtica de privacidade\"}]}]}<\/script>\n<!-- \/ Yoast SEO plugin. -->","yoast_head_json":{"robots":{"index":"index","follow":"follow","max-snippet":"max-snippet:-1","max-image-preview":"max-image-preview:large","max-video-preview":"max-video-preview:-1"},"canonical":"https:\/\/www.breakdengue.org\/pt-pt\/politica-de-privacidade\/","og_locale":"pt_PT","og_type":"article","og_title":"Pol\u00edtica de privacidade - Break Dengue","og_description":"Essa Declara\u00e7\u00e3o de Privacidade descreve as maneiras pelas quais a Break Dengue coleta, mant\u00e9m e usa informa\u00e7\u00f5es sobre os indiv\u00edduos que visitam o website.\u00a0AO USAR ESSE WEBSITE, VOC\u00ca CONCORDA COM A COLETA E USO DE INFORMA\u00c7\u00d5ES COMO DEFINIDAS POR ESSA POL\u00cdTICA DE PRIVACIDADE.\u00a0Voc\u00ea tamb\u00e9m concorda\u2026","og_url":"https:\/\/www.breakdengue.org\/pt-pt\/politica-de-privacidade\/","og_site_name":"Break Dengue","article_publisher":"https:\/\/www.facebook.com\/breakdengue\/","article_modified_time":"2017-02-22T15:02:39+00:00","twitter_card":"summary","twitter_site":"@BreakDengue","twitter_misc":{"Tempo estimado de leitura":"5 minutos"},"schema":{"@context":"https:\/\/schema.org","@graph":[{"@type":"Organization","@id":"https:\/\/www.breakdengue.org\/#organization","name":"Break Dengue","url":"https:\/\/www.breakdengue.org\/","sameAs":["https:\/\/www.facebook.com\/breakdengue\/","https:\/\/www.linkedin.com\/company\/break-dengue\/?viewAsMember=true","https:\/\/www.youtube.com\/user\/breakdengue","https:\/\/twitter.com\/BreakDengue"],"logo":{"@type":"ImageObject","@id":"https:\/\/www.breakdengue.org\/#logo","inLanguage":"pt-PT","url":"https:\/\/www.breakdengue.org\/wp-content\/uploads\/2018\/10\/break-dengue-logo.jpg","contentUrl":"https:\/\/www.breakdengue.org\/wp-content\/uploads\/2018\/10\/break-dengue-logo.jpg","width":400,"height":400,"caption":"Break Dengue"},"image":{"@id":"https:\/\/www.breakdengue.org\/#logo"}},{"@type":"WebSite","@id":"https:\/\/www.breakdengue.org\/#website","url":"https:\/\/www.breakdengue.org\/","name":"Break Dengue","description":"Break Dengue aims to connect different initiatives around the world that are addressing the issue of dengue, the most rapidly spreading mosquito-borne viral disease.","publisher":{"@id":"https:\/\/www.breakdengue.org\/#organization"},"potentialAction":[{"@type":"SearchAction","target":{"@type":"EntryPoint","urlTemplate":"https:\/\/www.breakdengue.org\/?s={search_term_string}"},"query-input":"required name=search_term_string"}],"inLanguage":"pt-PT"},{"@type":"WebPage","@id":"https:\/\/www.breakdengue.org\/pt-pt\/politica-de-privacidade\/#webpage","url":"https:\/\/www.breakdengue.org\/pt-pt\/politica-de-privacidade\/","name":"Pol\u00edtica de privacidade - Break Dengue","isPartOf":{"@id":"https:\/\/www.breakdengue.org\/#website"},"datePublished":"2016-01-08T15:47:23+00:00","dateModified":"2017-02-22T15:02:39+00:00","breadcrumb":{"@id":"https:\/\/www.breakdengue.org\/pt-pt\/politica-de-privacidade\/#breadcrumb"},"inLanguage":"pt-PT","potentialAction":[{"@type":"ReadAction","target":["https:\/\/www.breakdengue.org\/pt-pt\/politica-de-privacidade\/"]}]},{"@type":"BreadcrumbList","@id":"https:\/\/www.breakdengue.org\/pt-pt\/politica-de-privacidade\/#breadcrumb","itemListElement":[{"@type":"ListItem","position":1,"name":"Accueil","item":"https:\/\/www.breakdengue.org\/"},{"@type":"ListItem","position":2,"name":"Pol\u00edtica de privacidade"}]}]}},"_links":{"self":[{"href":"https:\/\/www.breakdengue.org\/pt-pt\/wp-json\/wp\/v2\/pages\/7658\/"}],"collection":[{"href":"https:\/\/www.breakdengue.org\/pt-pt\/wp-json\/wp\/v2\/pages\/"}],"about":[{"href":"https:\/\/www.breakdengue.org\/pt-pt\/wp-json\/wp\/v2\/types\/page\/"}],"author":[{"embeddable":true,"href":"https:\/\/www.breakdengue.org\/pt-pt\/wp-json\/wp\/v2\/users\/3\/"}],"replies":[{"embeddable":true,"href":"https:\/\/www.breakdengue.org\/pt-pt\/wp-json\/wp\/v2\/comments\/?post=7658"}],"version-history":[{"count":0,"href":"https:\/\/www.breakdengue.org\/pt-pt\/wp-json\/wp\/v2\/pages\/7658\/revisions\/"}],"wp:attachment":[{"href":"https:\/\/www.breakdengue.org\/pt-pt\/wp-json\/wp\/v2\/media\/?parent=7658"}],"curies":[{"name":"wp","href":"https:\/\/api.w.org\/{rel}","templated":true}]}}