{"id":7652,"date":"2016-01-08T15:45:37","date_gmt":"2016-01-08T15:45:37","guid":{"rendered":"http:\/\/breakdengue.wpengine.com\/pt-pt\/?page_id=7652"},"modified":"2017-02-22T15:52:31","modified_gmt":"2017-02-22T14:52:31","slug":"codigo-de-conduta","status":"publish","type":"page","link":"https:\/\/www.breakdengue.org\/pt-pt\/codigo-de-conduta\/","title":{"rendered":"C\u00f3digo de conduta"},"content":{"rendered":"<p>Agradecemos muito seus coment\u00e1rios e queremos ouvir suas perguntas, al\u00e9m de compartilhar suas vis\u00f5es e contribui\u00e7\u00f5es na nossa plataforma. O que voc\u00ea publica nem sempre aparece online imediatamente. \u00c9 porque estamos moderando para garantir uma discuss\u00e3o vigorosa e construtiva. Estar\u00e1 online assim que poss\u00edvel.<\/p>\n<p>Ao contribuir para as discuss\u00f5es e compartilhar suas ideias, tenha em mente as seguintes regras.<\/p>\n<h3>Em termos do conte\u00fado que voc\u00ea compartilha, pedimos que seja<\/h3>\n<ul>\n<li>razoavelmente conciso e relevante \u00e0 publica\u00e7\u00e3o original e discuss\u00e3o subsequente<\/li>\n<li>escrito em ingl\u00eas sempre que poss\u00edvel<\/li>\n<li>respeitoso \u2013 n\u00e3o vemos raz\u00e3o para conte\u00fados maliciosos ou ofensivos<\/li>\n<li>sem palavr\u00f5es ou obscenidades<\/li>\n<li>de sua autoria para publica\u00e7\u00e3o. Se voc\u00ea n\u00e3o for o autor original, certifique-se de ter o consentimento expresso por escrito dos direitos autorais do propriet\u00e1rio antes de publicar<\/li>\n<li>curto, se referente a artigos de m\u00eddia de outras fontes, com um resumo e link para o artigo<\/li>\n<li>conectado a outros websites de informa\u00e7\u00e3o, quando aplic\u00e1vel e relevante \u00e0 discuss\u00e3o. Por\u00e9m, recomendamos n\u00e3o adicionar sites comerciais que n\u00e3o sejam relevantes aos assuntos discutidos<\/li>\n<\/ul>\n<h3>Por favor, siga este c\u00f3digo de conduta em termos de comportamento<\/h3>\n<ul>\n<li>n\u00e3o incite o \u00f3dio em rela\u00e7\u00e3o a ra\u00e7a, religi\u00e3o, g\u00eanero, nacionalidade ou sexualidade e n\u00e3o fa\u00e7a coment\u00e1rios desagrad\u00e1veis<\/li>\n<li>n\u00e3o fa\u00e7a declara\u00e7\u00f5es difamat\u00f3rias<\/li>\n<li>n\u00e3o envie spam. Publicar conte\u00fado contendo mensagens iguais ou similares v\u00e1rias vezes n\u00e3o \u00e9 educado<\/li>\n<li>n\u00e3o publique coment\u00e1rios ofensivos repetidamente sobre algu\u00e9m que esteja na discuss\u00e3o. Isso pode ser qualificado como ass\u00e9dio e estar\u00e1 sujeito a a\u00e7\u00e3o legal contra os respons\u00e1veis. N\u00f3s nos reservamos o direito de remover essas mensagens<\/li>\n<li>n\u00e3o realize falsa declara\u00e7\u00e3o de ser ou representar uma pessoa ou organiza\u00e7\u00e3o<\/li>\n<li>n\u00e3o descreva ou incite atividade que possa colocar em perigo a seguran\u00e7a e bem-estar dos outros<\/li>\n<li>respeite e proteja a privacidade individual (a sua e a dos outros): n\u00e3o publique n\u00fameros de telefone, endere\u00e7os ou qualquer informa\u00e7\u00e3o privada<\/li>\n<\/ul>\n","protected":false},"excerpt":{"rendered":"<p>Agradecemos muito seus coment\u00e1rios e queremos ouvir suas perguntas, al\u00e9m de compartilhar suas vis\u00f5es e contribui\u00e7\u00f5es na nossa plataforma. O que voc\u00ea publica nem sempre aparece online imediatamente. \u00c9 porque estamos moderando para garantir uma discuss\u00e3o vigorosa e construtiva. Estar\u00e1 online assim que poss\u00edvel. Ao\u2026<\/p>\n","protected":false},"author":3,"featured_media":0,"parent":0,"menu_order":0,"comment_status":"closed","ping_status":"closed","template":"","meta":{"footnotes":""},"class_list":["post-7652","page","type-page","status-publish","hentry"],"yoast_head":"<!-- This site is optimized with the Yoast SEO plugin v16.7 - https:\/\/yoast.com\/wordpress\/plugins\/seo\/ -->\n<meta name=\"robots\" content=\"index, follow, max-snippet:-1, max-image-preview:large, max-video-preview:-1\" \/>\n<link rel=\"canonical\" href=\"https:\/\/www.breakdengue.org\/pt-pt\/codigo-de-conduta\/\" \/>\n<meta property=\"og:locale\" content=\"pt_PT\" \/>\n<meta property=\"og:type\" content=\"article\" \/>\n<meta property=\"og:title\" content=\"C\u00f3digo de conduta - Break Dengue\" \/>\n<meta property=\"og:description\" content=\"Agradecemos muito seus coment\u00e1rios e queremos ouvir suas perguntas, al\u00e9m de compartilhar suas vis\u00f5es e contribui\u00e7\u00f5es na nossa plataforma. O que voc\u00ea publica nem sempre aparece online imediatamente. \u00c9 porque estamos moderando para garantir uma discuss\u00e3o vigorosa e construtiva. Estar\u00e1 online assim que poss\u00edvel. Ao\u2026\" \/>\n<meta property=\"og:url\" content=\"https:\/\/www.breakdengue.org\/pt-pt\/codigo-de-conduta\/\" \/>\n<meta property=\"og:site_name\" content=\"Break Dengue\" \/>\n<meta property=\"article:publisher\" content=\"https:\/\/www.facebook.com\/breakdengue\/\" \/>\n<meta property=\"article:modified_time\" content=\"2017-02-22T14:52:31+00:00\" \/>\n<meta name=\"twitter:card\" content=\"summary\" \/>\n<meta name=\"twitter:site\" content=\"@BreakDengue\" \/>\n<meta name=\"twitter:label1\" content=\"Tempo estimado de leitura\" \/>\n\t<meta name=\"twitter:data1\" content=\"2 minutos\" \/>\n<script type=\"application\/ld+json\" class=\"yoast-schema-graph\">{\"@context\":\"https:\/\/schema.org\",\"@graph\":[{\"@type\":\"Organization\",\"@id\":\"https:\/\/www.breakdengue.org\/#organization\",\"name\":\"Break Dengue\",\"url\":\"https:\/\/www.breakdengue.org\/\",\"sameAs\":[\"https:\/\/www.facebook.com\/breakdengue\/\",\"https:\/\/www.linkedin.com\/company\/break-dengue\/?viewAsMember=true\",\"https:\/\/www.youtube.com\/user\/breakdengue\",\"https:\/\/twitter.com\/BreakDengue\"],\"logo\":{\"@type\":\"ImageObject\",\"@id\":\"https:\/\/www.breakdengue.org\/#logo\",\"inLanguage\":\"pt-PT\",\"url\":\"https:\/\/www.breakdengue.org\/wp-content\/uploads\/2018\/10\/break-dengue-logo.jpg\",\"contentUrl\":\"https:\/\/www.breakdengue.org\/wp-content\/uploads\/2018\/10\/break-dengue-logo.jpg\",\"width\":400,\"height\":400,\"caption\":\"Break Dengue\"},\"image\":{\"@id\":\"https:\/\/www.breakdengue.org\/#logo\"}},{\"@type\":\"WebSite\",\"@id\":\"https:\/\/www.breakdengue.org\/#website\",\"url\":\"https:\/\/www.breakdengue.org\/\",\"name\":\"Break Dengue\",\"description\":\"Break Dengue aims to connect different initiatives around the world that are addressing the issue of dengue, the most rapidly spreading mosquito-borne viral disease.\",\"publisher\":{\"@id\":\"https:\/\/www.breakdengue.org\/#organization\"},\"potentialAction\":[{\"@type\":\"SearchAction\",\"target\":{\"@type\":\"EntryPoint\",\"urlTemplate\":\"https:\/\/www.breakdengue.org\/?s={search_term_string}\"},\"query-input\":\"required name=search_term_string\"}],\"inLanguage\":\"pt-PT\"},{\"@type\":\"WebPage\",\"@id\":\"https:\/\/www.breakdengue.org\/pt-pt\/codigo-de-conduta\/#webpage\",\"url\":\"https:\/\/www.breakdengue.org\/pt-pt\/codigo-de-conduta\/\",\"name\":\"C\\u00f3digo de conduta - Break Dengue\",\"isPartOf\":{\"@id\":\"https:\/\/www.breakdengue.org\/#website\"},\"datePublished\":\"2016-01-08T15:45:37+00:00\",\"dateModified\":\"2017-02-22T14:52:31+00:00\",\"breadcrumb\":{\"@id\":\"https:\/\/www.breakdengue.org\/pt-pt\/codigo-de-conduta\/#breadcrumb\"},\"inLanguage\":\"pt-PT\",\"potentialAction\":[{\"@type\":\"ReadAction\",\"target\":[\"https:\/\/www.breakdengue.org\/pt-pt\/codigo-de-conduta\/\"]}]},{\"@type\":\"BreadcrumbList\",\"@id\":\"https:\/\/www.breakdengue.org\/pt-pt\/codigo-de-conduta\/#breadcrumb\",\"itemListElement\":[{\"@type\":\"ListItem\",\"position\":1,\"name\":\"Accueil\",\"item\":\"https:\/\/www.breakdengue.org\/\"},{\"@type\":\"ListItem\",\"position\":2,\"name\":\"C\\u00f3digo de conduta\"}]}]}<\/script>\n<!-- \/ Yoast SEO plugin. -->","yoast_head_json":{"robots":{"index":"index","follow":"follow","max-snippet":"max-snippet:-1","max-image-preview":"max-image-preview:large","max-video-preview":"max-video-preview:-1"},"canonical":"https:\/\/www.breakdengue.org\/pt-pt\/codigo-de-conduta\/","og_locale":"pt_PT","og_type":"article","og_title":"C\u00f3digo de conduta - Break Dengue","og_description":"Agradecemos muito seus coment\u00e1rios e queremos ouvir suas perguntas, al\u00e9m de compartilhar suas vis\u00f5es e contribui\u00e7\u00f5es na nossa plataforma. O que voc\u00ea publica nem sempre aparece online imediatamente. \u00c9 porque estamos moderando para garantir uma discuss\u00e3o vigorosa e construtiva. Estar\u00e1 online assim que poss\u00edvel. Ao\u2026","og_url":"https:\/\/www.breakdengue.org\/pt-pt\/codigo-de-conduta\/","og_site_name":"Break Dengue","article_publisher":"https:\/\/www.facebook.com\/breakdengue\/","article_modified_time":"2017-02-22T14:52:31+00:00","twitter_card":"summary","twitter_site":"@BreakDengue","twitter_misc":{"Tempo estimado de leitura":"2 minutos"},"schema":{"@context":"https:\/\/schema.org","@graph":[{"@type":"Organization","@id":"https:\/\/www.breakdengue.org\/#organization","name":"Break Dengue","url":"https:\/\/www.breakdengue.org\/","sameAs":["https:\/\/www.facebook.com\/breakdengue\/","https:\/\/www.linkedin.com\/company\/break-dengue\/?viewAsMember=true","https:\/\/www.youtube.com\/user\/breakdengue","https:\/\/twitter.com\/BreakDengue"],"logo":{"@type":"ImageObject","@id":"https:\/\/www.breakdengue.org\/#logo","inLanguage":"pt-PT","url":"https:\/\/www.breakdengue.org\/wp-content\/uploads\/2018\/10\/break-dengue-logo.jpg","contentUrl":"https:\/\/www.breakdengue.org\/wp-content\/uploads\/2018\/10\/break-dengue-logo.jpg","width":400,"height":400,"caption":"Break Dengue"},"image":{"@id":"https:\/\/www.breakdengue.org\/#logo"}},{"@type":"WebSite","@id":"https:\/\/www.breakdengue.org\/#website","url":"https:\/\/www.breakdengue.org\/","name":"Break Dengue","description":"Break Dengue aims to connect different initiatives around the world that are addressing the issue of dengue, the most rapidly spreading mosquito-borne viral disease.","publisher":{"@id":"https:\/\/www.breakdengue.org\/#organization"},"potentialAction":[{"@type":"SearchAction","target":{"@type":"EntryPoint","urlTemplate":"https:\/\/www.breakdengue.org\/?s={search_term_string}"},"query-input":"required name=search_term_string"}],"inLanguage":"pt-PT"},{"@type":"WebPage","@id":"https:\/\/www.breakdengue.org\/pt-pt\/codigo-de-conduta\/#webpage","url":"https:\/\/www.breakdengue.org\/pt-pt\/codigo-de-conduta\/","name":"C\u00f3digo de conduta - Break Dengue","isPartOf":{"@id":"https:\/\/www.breakdengue.org\/#website"},"datePublished":"2016-01-08T15:45:37+00:00","dateModified":"2017-02-22T14:52:31+00:00","breadcrumb":{"@id":"https:\/\/www.breakdengue.org\/pt-pt\/codigo-de-conduta\/#breadcrumb"},"inLanguage":"pt-PT","potentialAction":[{"@type":"ReadAction","target":["https:\/\/www.breakdengue.org\/pt-pt\/codigo-de-conduta\/"]}]},{"@type":"BreadcrumbList","@id":"https:\/\/www.breakdengue.org\/pt-pt\/codigo-de-conduta\/#breadcrumb","itemListElement":[{"@type":"ListItem","position":1,"name":"Accueil","item":"https:\/\/www.breakdengue.org\/"},{"@type":"ListItem","position":2,"name":"C\u00f3digo de conduta"}]}]}},"_links":{"self":[{"href":"https:\/\/www.breakdengue.org\/pt-pt\/wp-json\/wp\/v2\/pages\/7652\/"}],"collection":[{"href":"https:\/\/www.breakdengue.org\/pt-pt\/wp-json\/wp\/v2\/pages\/"}],"about":[{"href":"https:\/\/www.breakdengue.org\/pt-pt\/wp-json\/wp\/v2\/types\/page\/"}],"author":[{"embeddable":true,"href":"https:\/\/www.breakdengue.org\/pt-pt\/wp-json\/wp\/v2\/users\/3\/"}],"replies":[{"embeddable":true,"href":"https:\/\/www.breakdengue.org\/pt-pt\/wp-json\/wp\/v2\/comments\/?post=7652"}],"version-history":[{"count":0,"href":"https:\/\/www.breakdengue.org\/pt-pt\/wp-json\/wp\/v2\/pages\/7652\/revisions\/"}],"wp:attachment":[{"href":"https:\/\/www.breakdengue.org\/pt-pt\/wp-json\/wp\/v2\/media\/?parent=7652"}],"curies":[{"name":"wp","href":"https:\/\/api.w.org\/{rel}","templated":true}]}}